{"id":78,"date":"2022-02-09T09:00:02","date_gmt":"2022-02-09T08:00:02","guid":{"rendered":"http:\/\/landsberger368.de\/?page_id=78"},"modified":"2024-06-26T14:01:28","modified_gmt":"2024-06-26T12:01:28","slug":"impressum","status":"publish","type":"page","link":"https:\/\/landsberger368.de\/en\/impressum\/","title":{"rendered":"Legal Notice"},"content":{"rendered":"<p>APL Europe GmbH<br>Sendlinger Stra\u00dfe 4<br>80331 M\u00fcnchen<\/p>\n\n\n\n<p>Gesch\u00e4ftsf\u00fchrer: Peng Zhang, Richard J. Reitknecht<\/p>\n\n\n\n<p>Telephone: +49 89 231 2161 90<br>Mail:&nbsp;<a href=\"mailto:europe@asialand.com\">europe@asialand.com<\/a><\/p>\n\n\n\n<p>Sitz: Amtsgericht M\u00fcnchen<br>Handelsregister: 24406<br>Umsatzsteuer-ID: DE322145851<\/p>\n\n\n\n<div style=\"height:149px\" aria-hidden=\"true\" class=\"wp-block-spacer\"><\/div>\n\n\n\n<p><\/p>\n\n\n\n<hr class=\"wp-block-separator has-text-color has-css-opacity has-background is-style-wide\" style=\"background-color:#d4dce2;color:#d4dce2\"\/>\n\n\n\n<div style=\"height:100px\" aria-hidden=\"true\" class=\"wp-block-spacer\"><\/div>\n\n\n\n<h3 class=\"wp-block-heading\" id=\"umsetzung-texte-redaktion\">Implementation of texts \/ editing:<\/h3>\n\n\n\n<p>dietextagentur Schmitz &amp; Lux<br>Johannes-Kepler-Stra\u00dfe 8<br>54634 Bitburg<br>Phone: +49 6561 949 321 5<br>Mail: <a href=\"mailto:info@dietextagentur.de\">info@dietextagentur.de<\/a><br>Web: <a href=\"http:\/\/www.dietextagentur.de\" target=\"_blank\" rel=\"noreferrer noopener\">www.dietextagentur.de<\/a><\/p>\n\n\n\n<h3 class=\"wp-block-heading\" id=\"umsetzung-konzept-gestaltung-entwicklung\">Implementation Concept \/ Design \/ Development:<\/h3>\n\n\n\n<p>Agentur 54 - Wagner &amp; Marx GbR<br>Johannes-Kepler-Stra\u00dfe 8<br>54634 Bitburg<br>Phone: +49 6561 69 77 20<br>Mail:<a href=\"mailto:info@agentur54.de\"> info@agentur54.de<\/a><br>Web: <a href=\"http:\/\/www.agentur54.de\" target=\"_blank\" rel=\"noreferrer noopener\">www.agentur54.de<\/a><\/p>","protected":false},"excerpt":{"rendered":"<p>APL Europe GmbHSendlinger Stra\u00dfe 480331 M\u00fcnchen Gesch\u00e4ftsf\u00fchrer: Peng Zhang, Richard J. Reitknecht Telefon: +49 89 231 2161 90E-Mail:&nbsp;europe@asialand.com Sitz: Amtsgericht M\u00fcnchenHandelsregister: 24406Umsatzsteuer-ID: DE322145851 Umsetzung Texte \/ Redaktion: dietextagentur Schmitz &amp; LuxJohannes-Kepler-Stra\u00dfe 854634 BitburgTel.: +49 6561 949 321 5E-Mail: info@dietextagentur.deInternet: www.dietextagentur.de Umsetzung Konzept \/ Gestaltung \/ Entwicklung: Agentur 54 - Wagner &amp; Marx GbRJohannes-Kepler-Stra\u00dfe 854634 BitburgTel.: [&hellip;]<\/p>\n","protected":false},"author":2,"featured_media":0,"parent":0,"menu_order":0,"comment_status":"closed","ping_status":"closed","template":"","meta":{"_acf_changed":false,"footnotes":""},"class_list":["post-78","page","type-page","status-publish","hentry"],"acf":[],"yoast_head":"<!-- This site is optimized with the Yoast SEO plugin v27.3 - https:\/\/yoast.com\/product\/yoast-seo-wordpress\/ -->\n<title>Impressum - Landsberger 368<\/title>\n<meta name=\"robots\" content=\"index, follow, max-snippet:-1, max-image-preview:large, max-video-preview:-1\" \/>\n<link rel=\"canonical\" href=\"https:\/\/landsberger368.de\/en\/impressum\/\" \/>\n<meta property=\"og:locale\" content=\"en_GB\" \/>\n<meta property=\"og:type\" content=\"article\" \/>\n<meta property=\"og:title\" content=\"Impressum - Landsberger 368\" \/>\n<meta property=\"og:description\" content=\"APL Europe GmbHSendlinger Stra\u00dfe 480331 M\u00fcnchen Gesch\u00e4ftsf\u00fchrer: Peng Zhang, Richard J. Reitknecht Telefon: +49 89 231 2161 90E-Mail:&nbsp;europe@asialand.com Sitz: Amtsgericht M\u00fcnchenHandelsregister: 24406Umsatzsteuer-ID: DE322145851 Umsetzung Texte \/ Redaktion: dietextagentur Schmitz &amp; LuxJohannes-Kepler-Stra\u00dfe 854634 BitburgTel.: +49 6561 949 321 5E-Mail: info@dietextagentur.deInternet: www.dietextagentur.de Umsetzung Konzept \/ Gestaltung \/ Entwicklung: Agentur 54 - Wagner &amp; Marx GbRJohannes-Kepler-Stra\u00dfe 854634 BitburgTel.: [&hellip;]\" \/>\n<meta property=\"og:url\" content=\"https:\/\/landsberger368.de\/en\/impressum\/\" \/>\n<meta property=\"og:site_name\" content=\"Landsberger 368\" \/>\n<meta property=\"article:modified_time\" content=\"2024-06-26T12:01:28+00:00\" \/>\n<meta name=\"twitter:card\" content=\"summary_large_image\" \/>\n<meta name=\"twitter:label1\" content=\"Estimated reading time\" \/>\n\t<meta name=\"twitter:data1\" content=\"1 minute\" \/>\n<script type=\"application\/ld+json\" class=\"yoast-schema-graph\">{\"@context\":\"https:\\\/\\\/schema.org\",\"@graph\":[{\"@type\":\"WebPage\",\"@id\":\"https:\\\/\\\/landsberger368.de\\\/impressum\\\/\",\"url\":\"https:\\\/\\\/landsberger368.de\\\/impressum\\\/\",\"name\":\"Impressum - Landsberger 368\",\"isPartOf\":{\"@id\":\"https:\\\/\\\/landsberger368.de\\\/#website\"},\"datePublished\":\"2022-02-09T08:00:02+00:00\",\"dateModified\":\"2024-06-26T12:01:28+00:00\",\"breadcrumb\":{\"@id\":\"https:\\\/\\\/landsberger368.de\\\/impressum\\\/#breadcrumb\"},\"inLanguage\":\"en-GB\",\"potentialAction\":[{\"@type\":\"ReadAction\",\"target\":[\"https:\\\/\\\/landsberger368.de\\\/impressum\\\/\"]}]},{\"@type\":\"BreadcrumbList\",\"@id\":\"https:\\\/\\\/landsberger368.de\\\/impressum\\\/#breadcrumb\",\"itemListElement\":[{\"@type\":\"ListItem\",\"position\":1,\"name\":\"Home\",\"item\":\"https:\\\/\\\/landsberger368.de\\\/\"},{\"@type\":\"ListItem\",\"position\":2,\"name\":\"Impressum\"}]},{\"@type\":\"WebSite\",\"@id\":\"https:\\\/\\\/landsberger368.de\\\/#website\",\"url\":\"https:\\\/\\\/landsberger368.de\\\/\",\"name\":\"Landsberger 368\",\"description\":\"\",\"publisher\":{\"@id\":\"https:\\\/\\\/landsberger368.de\\\/#organization\"},\"potentialAction\":[{\"@type\":\"SearchAction\",\"target\":{\"@type\":\"EntryPoint\",\"urlTemplate\":\"https:\\\/\\\/landsberger368.de\\\/?s={search_term_string}\"},\"query-input\":{\"@type\":\"PropertyValueSpecification\",\"valueRequired\":true,\"valueName\":\"search_term_string\"}}],\"inLanguage\":\"en-GB\"},{\"@type\":\"Organization\",\"@id\":\"https:\\\/\\\/landsberger368.de\\\/#organization\",\"name\":\"APL Europe GmbH\",\"alternateName\":\"Landsberger368\",\"url\":\"https:\\\/\\\/landsberger368.de\\\/\",\"logo\":{\"@type\":\"ImageObject\",\"inLanguage\":\"en-GB\",\"@id\":\"https:\\\/\\\/landsberger368.de\\\/#\\\/schema\\\/logo\\\/image\\\/\",\"url\":\"https:\\\/\\\/landsberger368.de\\\/app\\\/uploads\\\/2022\\\/02\\\/cropped-favicon.png\",\"contentUrl\":\"https:\\\/\\\/landsberger368.de\\\/app\\\/uploads\\\/2022\\\/02\\\/cropped-favicon.png\",\"width\":512,\"height\":512,\"caption\":\"APL Europe GmbH\"},\"image\":{\"@id\":\"https:\\\/\\\/landsberger368.de\\\/#\\\/schema\\\/logo\\\/image\\\/\"}}]}<\/script>\n<!-- \/ Yoast SEO plugin. -->","yoast_head_json":{"title":"Impressum - Landsberger 368","robots":{"index":"index","follow":"follow","max-snippet":"max-snippet:-1","max-image-preview":"max-image-preview:large","max-video-preview":"max-video-preview:-1"},"canonical":"https:\/\/landsberger368.de\/en\/impressum\/","og_locale":"en_GB","og_type":"article","og_title":"Impressum - Landsberger 368","og_description":"APL Europe GmbHSendlinger Stra\u00dfe 480331 M\u00fcnchen Gesch\u00e4ftsf\u00fchrer: Peng Zhang, Richard J. Reitknecht Telefon: +49 89 231 2161 90E-Mail:&nbsp;europe@asialand.com Sitz: Amtsgericht M\u00fcnchenHandelsregister: 24406Umsatzsteuer-ID: DE322145851 Umsetzung Texte \/ Redaktion: dietextagentur Schmitz &amp; LuxJohannes-Kepler-Stra\u00dfe 854634 BitburgTel.: +49 6561 949 321 5E-Mail: info@dietextagentur.deInternet: www.dietextagentur.de Umsetzung Konzept \/ Gestaltung \/ Entwicklung: Agentur 54 - Wagner &amp; Marx GbRJohannes-Kepler-Stra\u00dfe 854634 BitburgTel.: [&hellip;]","og_url":"https:\/\/landsberger368.de\/en\/impressum\/","og_site_name":"Landsberger 368","article_modified_time":"2024-06-26T12:01:28+00:00","twitter_card":"summary_large_image","twitter_misc":{"Estimated reading time":"1 minute"},"schema":{"@context":"https:\/\/schema.org","@graph":[{"@type":"WebPage","@id":"https:\/\/landsberger368.de\/impressum\/","url":"https:\/\/landsberger368.de\/impressum\/","name":"Impressum - Landsberger 368","isPartOf":{"@id":"https:\/\/landsberger368.de\/#website"},"datePublished":"2022-02-09T08:00:02+00:00","dateModified":"2024-06-26T12:01:28+00:00","breadcrumb":{"@id":"https:\/\/landsberger368.de\/impressum\/#breadcrumb"},"inLanguage":"en-GB","potentialAction":[{"@type":"ReadAction","target":["https:\/\/landsberger368.de\/impressum\/"]}]},{"@type":"BreadcrumbList","@id":"https:\/\/landsberger368.de\/impressum\/#breadcrumb","itemListElement":[{"@type":"ListItem","position":1,"name":"Home","item":"https:\/\/landsberger368.de\/"},{"@type":"ListItem","position":2,"name":"Impressum"}]},{"@type":"WebSite","@id":"https:\/\/landsberger368.de\/#website","url":"https:\/\/landsberger368.de\/","name":"Landsberger 368","description":"","publisher":{"@id":"https:\/\/landsberger368.de\/#organization"},"potentialAction":[{"@type":"SearchAction","target":{"@type":"EntryPoint","urlTemplate":"https:\/\/landsberger368.de\/?s={search_term_string}"},"query-input":{"@type":"PropertyValueSpecification","valueRequired":true,"valueName":"search_term_string"}}],"inLanguage":"en-GB"},{"@type":"Organization","@id":"https:\/\/landsberger368.de\/#organization","name":"APL Europe GmbH","alternateName":"Landsberger368","url":"https:\/\/landsberger368.de\/","logo":{"@type":"ImageObject","inLanguage":"en-GB","@id":"https:\/\/landsberger368.de\/#\/schema\/logo\/image\/","url":"https:\/\/landsberger368.de\/app\/uploads\/2022\/02\/cropped-favicon.png","contentUrl":"https:\/\/landsberger368.de\/app\/uploads\/2022\/02\/cropped-favicon.png","width":512,"height":512,"caption":"APL Europe GmbH"},"image":{"@id":"https:\/\/landsberger368.de\/#\/schema\/logo\/image\/"}}]}},"_links":{"self":[{"href":"https:\/\/landsberger368.de\/en\/wp-json\/wp\/v2\/pages\/78","targetHints":{"allow":["GET"]}}],"collection":[{"href":"https:\/\/landsberger368.de\/en\/wp-json\/wp\/v2\/pages"}],"about":[{"href":"https:\/\/landsberger368.de\/en\/wp-json\/wp\/v2\/types\/page"}],"author":[{"embeddable":true,"href":"https:\/\/landsberger368.de\/en\/wp-json\/wp\/v2\/users\/2"}],"replies":[{"embeddable":true,"href":"https:\/\/landsberger368.de\/en\/wp-json\/wp\/v2\/comments?post=78"}],"version-history":[{"count":8,"href":"https:\/\/landsberger368.de\/en\/wp-json\/wp\/v2\/pages\/78\/revisions"}],"predecessor-version":[{"id":137,"href":"https:\/\/landsberger368.de\/en\/wp-json\/wp\/v2\/pages\/78\/revisions\/137"}],"wp:attachment":[{"href":"https:\/\/landsberger368.de\/en\/wp-json\/wp\/v2\/media?parent=78"}],"curies":[{"name":"wp","href":"https:\/\/api.w.org\/{rel}","templated":true}]}}